{"id":9253,"date":"2024-09-17T14:45:24","date_gmt":"2024-09-17T12:45:24","guid":{"rendered":"https:\/\/antcube.shop\/en\/product\/fotoruckwand-wiese-60x30-quer\/"},"modified":"2026-01-21T17:40:55","modified_gmt":"2026-01-21T16:40:55","slug":"photo-back-wall-meadow-60x30-horizontal","status":"publish","type":"product","link":"https:\/\/test.antcube.shop\/de\/product\/photo-back-wall-meadow-60x30-horizontal\/","title":{"rendered":"Fotor\u00fcckwand &#8211; Wiese &#8211; 60&#215;30 &#8211; quer"},"content":{"rendered":"<p><b>Ma\u00dfe: <\/b>60x30cm<\/p>\n<p><strong>Material:<\/strong> Glanzfolienpapier<\/p>\n<p><b>Inhalt:<\/b> 1x Fotor\u00fcckwand<\/p>\n<p><b>Beschreibung:<\/b> Diese Fotor\u00fcckwand wird von au\u00dfen an die Formicarienr\u00fcckseite geklebt, um den Eindruck einer Umgebung, die dem nat\u00fcrlichen Lebensraum der Ameisen entspricht, zu vermitteln.<\/p>\n","protected":false},"excerpt":{"rendered":"<p>Material: Glanzfolienpapier<\/p>\n","protected":false},"featured_media":9696,"comment_status":"open","ping_status":"closed","template":"","meta":{"_acf_changed":false,"_monsterinsights_skip_tracking":false,"_monsterinsights_sitenote_active":false,"_monsterinsights_sitenote_note":"","_monsterinsights_sitenote_category":0},"product_brand":[],"product_cat":[628,604,720],"product_tag":[],"class_list":{"0":"post-9253","1":"product","2":"type-product","3":"status-publish","4":"has-post-thumbnail","6":"product_cat-deko-fotorueckwand","7":"product_cat-deko-einrichtung","8":"product_cat-fotorueckwand-wiese","10":"first","11":"instock","12":"taxable","13":"shipping-taxable","14":"purchasable","15":"product-type-simple"},"acf":[],"jetpack_sharing_enabled":true,"_links":{"self":[{"href":"https:\/\/test.antcube.shop\/de\/wp-json\/wp\/v2\/product\/9253","targetHints":{"allow":["GET"]}}],"collection":[{"href":"https:\/\/test.antcube.shop\/de\/wp-json\/wp\/v2\/product"}],"about":[{"href":"https:\/\/test.antcube.shop\/de\/wp-json\/wp\/v2\/types\/product"}],"replies":[{"embeddable":true,"href":"https:\/\/test.antcube.shop\/de\/wp-json\/wp\/v2\/comments?post=9253"}],"wp:featuredmedia":[{"embeddable":true,"href":"https:\/\/test.antcube.shop\/de\/wp-json\/wp\/v2\/media\/9696"}],"wp:attachment":[{"href":"https:\/\/test.antcube.shop\/de\/wp-json\/wp\/v2\/media?parent=9253"}],"wp:term":[{"taxonomy":"product_brand","embeddable":true,"href":"https:\/\/test.antcube.shop\/de\/wp-json\/wp\/v2\/product_brand?post=9253"},{"taxonomy":"product_cat","embeddable":true,"href":"https:\/\/test.antcube.shop\/de\/wp-json\/wp\/v2\/product_cat?post=9253"},{"taxonomy":"product_tag","embeddable":true,"href":"https:\/\/test.antcube.shop\/de\/wp-json\/wp\/v2\/product_tag?post=9253"}],"curies":[{"name":"wp","href":"https:\/\/api.w.org\/{rel}","templated":true}]}}