{"id":12338,"date":"2025-08-14T15:26:51","date_gmt":"2025-08-14T13:26:51","guid":{"rendered":"https:\/\/test.antcube.shop\/de_de\/product\/rose-von-jericho\/"},"modified":"2026-01-21T16:43:16","modified_gmt":"2026-01-21T15:43:16","slug":"rose-von-jericho","status":"publish","type":"product","link":"https:\/\/test.antcube.shop\/et\/product\/rose-von-jericho\/","title":{"rendered":"Rose von Jericho"},"content":{"rendered":"<p><span style=\"font-family:arial, times, serif\"><font face=\"Arial\"><strong>Menge:<\/strong> 1 St\u00fcck<\/font><\/span><\/p>\n<p><strong>Beschreibung:<\/strong> Wundersch\u00f6ne Formicarien Dekoration. Um die Pflanze aufgehen zu lassen, halten Sie diese kurz unter einen Wasserhahn. Danach legen Sie die Rose in ein flaches Gef\u00e4\u00df und \u00fcbergie\u00dfen sie mit Wasser. Es gen\u00fcgt, wenn nur die Wurzeln der Pflanze unter Wasser stehen. Sie werden ein unglaubliches Naturwunder erleben. Innerhalb von 7 Stunden wird aus dieser unscheinbaren, leblosen Knolle eine attraktive gr\u00fcne Pflanze. Wer so lange nicht warten kann, der kann die Rose auch mit kochendem Wasser, welches sonst jedes pflanzliche Leben vernichten w\u00fcrde, \u00fcbergie\u00dfen. Selbst das kann ihr nichts anhaben, und sie \u00f6ffnet sich sofort. In 15 bis 20 Minuten ist sie zum Leben erwacht und man kann dieses Schauspiel direkt beobachten. Wenn das geschehen ist, kann man sie eine Woche lang im Wasser liegen lassen. Da sie eine W\u00fcstenpflanze ist, ben\u00f6tigt sie von Natur aus wenig Wasser. Deshalb braucht sie nach dem W\u00e4ssern eine Trockenphase von mindestens zwei Wochen. Im trockenen Zustand h\u00e4lt sie es Jahrhunderte aus, ohne einzugehen. Aus diesem Grund kann man nur erahnen, wie viel Lebensenergie in dieser Pflanze steckt. Solange die Rose von Jericho nicht zu viel Wasser bekommt, kann sie nicht eingehen.<\/p>\n<p><strong>Abbildung:<\/strong> Hier sehen Sie oben eine trockene und unten eine angefeuchtete Pflanze. Produkt weicht von der Abbildung ab, da es sich um ein Naturprodukt handelt.<\/p>\n<p><strong>Hintergrund:<\/strong> Die Rose von Jericho stammt aus den W\u00fcstengebieten Israels und Jordaniens. Da man sie beliebig oft zu neuem Leben erwecken kann, wird sie auch die Auferstehungspflanze genannt.<br \/>Sie wurde zuerst von den Kreuzrittern nach Europa gebracht und als heilige Pflanze verehrt. Sie ist eine sehr mystische Pflanze, die niemals stirbt. Schon in der Bibel ist sie erw\u00e4hnt, und die Jungfrau Maria soll sie auf der Flucht von Nazareth nach \u00c4gypten gesegnet und ihr ewiges Leben verliehen haben. Der Pilger Ludolphe von Suchem berichtete im 16 Jhd., dass auf dem Wege, den die heilige Jungfrau entlang schritt, Rosen wachsen welche den Namen &#8222;Rose von Jericho&#8220; tragen<\/p>","protected":false},"excerpt":{"rendered":"<p>Ma\u00dfe: 12 x 13 x 7 cm<\/p>","protected":false},"featured_media":0,"comment_status":"open","ping_status":"closed","template":"","meta":{"_acf_changed":false,"_monsterinsights_skip_tracking":false,"_monsterinsights_sitenote_active":false,"_monsterinsights_sitenote_note":"","_monsterinsights_sitenote_category":0},"product_brand":[],"product_cat":[604,634],"product_tag":[],"class_list":{"0":"post-12338","1":"product","2":"type-product","3":"status-publish","5":"product_cat-deko-einrichtung","6":"product_cat-getrocknete-schoten","8":"first","9":"instock","10":"taxable","11":"shipping-taxable","12":"purchasable","13":"product-type-simple"},"acf":[],"jetpack_sharing_enabled":true,"_links":{"self":[{"href":"https:\/\/test.antcube.shop\/et\/wp-json\/wp\/v2\/product\/12338","targetHints":{"allow":["GET"]}}],"collection":[{"href":"https:\/\/test.antcube.shop\/et\/wp-json\/wp\/v2\/product"}],"about":[{"href":"https:\/\/test.antcube.shop\/et\/wp-json\/wp\/v2\/types\/product"}],"replies":[{"embeddable":true,"href":"https:\/\/test.antcube.shop\/et\/wp-json\/wp\/v2\/comments?post=12338"}],"wp:attachment":[{"href":"https:\/\/test.antcube.shop\/et\/wp-json\/wp\/v2\/media?parent=12338"}],"wp:term":[{"taxonomy":"product_brand","embeddable":true,"href":"https:\/\/test.antcube.shop\/et\/wp-json\/wp\/v2\/product_brand?post=12338"},{"taxonomy":"product_cat","embeddable":true,"href":"https:\/\/test.antcube.shop\/et\/wp-json\/wp\/v2\/product_cat?post=12338"},{"taxonomy":"product_tag","embeddable":true,"href":"https:\/\/test.antcube.shop\/et\/wp-json\/wp\/v2\/product_tag?post=12338"}],"curies":[{"name":"wp","href":"https:\/\/api.w.org\/{rel}","templated":true}]}}