{"id":12620,"date":"2025-08-15T10:57:24","date_gmt":"2025-08-15T08:57:24","guid":{"rendered":"https:\/\/test.antcube.shop\/de_de\/product\/myrmecocystus-navajo-honigtopfameisen\/"},"modified":"2025-12-03T17:59:40","modified_gmt":"2025-12-03T16:59:40","slug":"myrmecocystus-navajo-honigtopfameisen","status":"publish","type":"product","link":"https:\/\/test.antcube.shop\/fi\/product\/myrmecocystus-navajo-honigtopfameisen\/","title":{"rendered":"Myrmecocystus navajo (Honigtopfameisen)"},"content":{"rendered":"<p>\u00a0<\/p>\n<table border=\"1\" cellpadding=\"1\" cellspacing=\"1\">\n<tbody>\n<tr>\n<td><strong>Lat. Name:<\/strong><\/td>\n<td><strong><img loading=\"lazy\" decoding=\"async\" alt=\"\" height=\"30\" src=\"images\/icons\/ants\/lateinname.jpg\" width=\"30\" \/><\/strong><\/td>\n<td><em>Myrmecocystus navajo<\/em><\/td>\n<\/tr>\n<tr>\n<td><strong>Trivialname:<\/strong><\/td>\n<td><strong><img loading=\"lazy\" decoding=\"async\" alt=\"\" height=\"30\" src=\"images\/icons\/ants\/trivialname.jpg\" width=\"30\" \/><\/strong><\/td>\n<td>Honigtopfameisen<\/td>\n<\/tr>\n<tr>\n<td><strong>Taxonomie:<\/strong><\/td>\n<td><strong><img loading=\"lazy\" decoding=\"async\" alt=\"\" height=\"30\" src=\"images\/icons\/ants\/taxonomie.jpg\" width=\"30\" \/><\/strong><\/td>\n<td><strong>Unterfamilie: <\/strong>Formicinae (Schuppenameisen) <strong>Tribus:<\/strong> Lasiini<\/td>\n<\/tr>\n<tr>\n<td><strong>Haltungsklasse:<\/strong><\/td>\n<td><strong><img loading=\"lazy\" decoding=\"async\" alt=\"\" height=\"30\" src=\"images\/icons\/ants\/haltungsklasse.jpg\" width=\"30\" \/><\/strong><\/td>\n<td><strong>(2) <\/strong>stellen h\u00f6here Ansrp\u00fcche an die Klimabedingung und den Ausbruchsschutz<\/td>\n<\/tr>\n<tr>\n<td><strong>Verbreitung:<\/strong><\/td>\n<td><strong><img loading=\"lazy\" decoding=\"async\" alt=\"\" height=\"30\" src=\"images\/icons\/ants\/verbreitung.jpg\" width=\"30\" \/><\/strong><\/td>\n<td>s\u00fcdliche USA, Mexiko<\/td>\n<\/tr>\n<tr>\n<td><strong>Habitat:<\/strong><\/td>\n<td><strong><img loading=\"lazy\" decoding=\"async\" alt=\"\" height=\"30\" src=\"images\/icons\/ants\/habitat.jpg\" width=\"30\" \/><\/strong><\/td>\n<td>Freifl\u00e4chen und anthropogen gest\u00f6rte Fl\u00e4chen, W\u00fcsten, Halbw\u00fcsten und Buschland<\/td>\n<\/tr>\n<tr>\n<td><strong>Kolonieform:<\/strong><\/td>\n<td><strong><img loading=\"lazy\" decoding=\"async\" alt=\"\" height=\"30\" src=\"images\/icons\/ants\/Kolonieform.jpg\" width=\"30\" \/><\/strong><\/td>\n<td>monogyn<\/td>\n<\/tr>\n<tr>\n<td><strong>Kuningatar:<\/strong><\/td>\n<td><strong><img loading=\"lazy\" decoding=\"async\" alt=\"\" height=\"30\" src=\"images\/icons\/ants\/koenigin.jpg\" width=\"30\" \/><\/strong><\/td>\n<td><strong>Koko:<\/strong> 8 &#8211; 9mm <strong>Farbe:<\/strong> Kopf und Thorax gelb bis rotgelb, Thorax vergr\u00f6ssert<\/td>\n<\/tr>\n<tr>\n<td><strong>Arbeiterin:<\/strong><\/td>\n<td><img loading=\"lazy\" decoding=\"async\" alt=\"\" height=\"30\" src=\"images\/icons\/ants\/arbeiterin.jpg\" width=\"30\" \/><\/td>\n<td><strong>Koko:<\/strong> 3 &#8211; 4mm <strong>Farbe:<\/strong> Kopf und Thorax gelb bis rotgelb<\/td>\n<\/tr>\n<tr>\n<td><strong>Soldaten:<\/strong><\/td>\n<td><img loading=\"lazy\" decoding=\"async\" alt=\"\" height=\"30\" src=\"images\/icons\/ants\/soldaten.jpg\" width=\"30\" \/><\/td>\n<td>nicht vorhanden<\/td>\n<\/tr>\n<tr>\n<td><strong>M\u00e4nnchen:<\/strong><\/td>\n<td><img loading=\"lazy\" decoding=\"async\" alt=\"\" height=\"30\" src=\"images\/icons\/ants\/maennchen.jpg\" width=\"30\" \/><\/td>\n<td><strong>Koko:<\/strong> 4mm <strong>Farbe:<\/strong> schwarz<\/td>\n<\/tr>\n<tr>\n<td><strong>Nahrung:<\/strong><\/td>\n<td><img loading=\"lazy\" decoding=\"async\" alt=\"\" height=\"30\" src=\"images\/icons\/ants\/nahrung.jpg\" width=\"30\" \/><\/td>\n<td>Honigwasser und Insekten z.B. Fliegen,M\u00fccken oder kleine Grillen, Fr\u00fcchte<\/td>\n<\/tr>\n<tr>\n<td><strong>Luftfeuchtigkeit:<\/strong><\/td>\n<td><strong><img loading=\"lazy\" decoding=\"async\" alt=\"\" height=\"30\" src=\"images\/icons\/ants\/feuchtigkeit.jpg\" width=\"30\" \/><\/strong><\/td>\n<td><strong>Arena:<\/strong> 30\u00a0 &#8211; 50% <strong>Nestbereich:<\/strong> 50 &#8211; 70%<\/td>\n<\/tr>\n<tr>\n<td><strong>Temperatur:<\/strong><\/td>\n<td><strong><img loading=\"lazy\" decoding=\"async\" alt=\"\" height=\"30\" src=\"images\/icons\/ants\/temperatur.jpg\" width=\"30\" \/><\/strong><\/td>\n<td><strong>Arena:<\/strong> 21 &#8211; 40\u00b0C <strong>Nestbereich:<\/strong> 31- 35\u00b0C<\/td>\n<\/tr>\n<tr>\n<td><strong>Winterruhe:<\/strong><\/td>\n<td><img loading=\"lazy\" decoding=\"async\" alt=\"\" height=\"30\" src=\"images\/icons\/ants\/winterruhe.jpg\" width=\"30\" \/><\/td>\n<td>nein<\/td>\n<\/tr>\n<tr>\n<td><strong>Nestform:<\/strong><\/td>\n<td><img loading=\"lazy\" decoding=\"async\" alt=\"\" height=\"30\" src=\"images\/icons\/ants\/nestform.jpg\" width=\"30\" \/><\/td>\n<td>Erdnester in sandigem Boden mit einem niedrigen Erdh\u00fcgel um den Eingang<\/td>\n<\/tr>\n<tr>\n<td><strong>Formicarienart:<\/strong><\/td>\n<td><img loading=\"lazy\" decoding=\"async\" alt=\"\" height=\"30\" src=\"images\/icons\/ants\/formicarienart.jpg\" width=\"30\" \/><\/td>\n<td>Farm-Arena, Center, Combi, Ytong, Gips, Digfix<\/td>\n<\/tr>\n<tr>\n<td><strong>Formicariengr\u00f6\u00dfe:<\/strong><\/td>\n<td><strong><img loading=\"lazy\" decoding=\"async\" alt=\"\" height=\"30\" src=\"images\/icons\/ants\/formicariengroesse.jpg\" width=\"30\" \/><\/strong><\/td>\n<td><strong>Koko:<\/strong><font color=\"#000000\"> <strong><font color=\"#339966\">M &#8211;<span> L<\/span><\/font><\/strong><\/font><\/td>\n<\/tr>\n<tr>\n<td><strong>Substrat:<\/strong><\/td>\n<td><strong><img loading=\"lazy\" decoding=\"async\" alt=\"\" height=\"30\" src=\"images\/icons\/ants\/substrat.jpg\" width=\"30\" \/><\/strong><\/td>\n<td><strong>Farm:<\/strong> Sand-Lehm, Kork <strong>Arena:<\/strong> Sand, Sand-Lehm<\/td>\n<\/tr>\n<tr>\n<td><strong>Bepflanzung:<\/strong><\/td>\n<td><img loading=\"lazy\" decoding=\"async\" alt=\"\" height=\"30\" src=\"images\/icons\/ants\/bepflanzung.jpg\" width=\"30\" \/><\/td>\n<td>\u00e4hnlich wie Steppe und Savanne<\/td>\n<\/tr>\n<tr>\n<td><strong>Dekoration:<\/strong><\/td>\n<td><img loading=\"lazy\" decoding=\"async\" alt=\"\" height=\"30\" src=\"images\/icons\/ants\/dekoration.jpg\" width=\"30\" \/><\/td>\n<td>\u00c4sten, Wurzeln, Laub<\/td>\n<\/tr>\n<tr>\n<td><strong>Beschreibung:<\/strong><\/td>\n<td><img loading=\"lazy\" decoding=\"async\" alt=\"\" height=\"30\" src=\"images\/icons\/ants\/beschreibung.jpg\" width=\"30\" \/><\/td>\n<td>Myrmecocystus ist vorallem bekannt f\u00fcr seine Speichertiere die unbeweglich an der Decke der Bauten h\u00e4ngen. Diese dienen nicht nur als Futterspender sondern auch als Feuchkeitsspender f\u00fcr das Nest, da sie permant \u00fcber ihre Haut Feuchtigkeit abgeben. Die Nester haben in der Regel ein Tiefe von bis zu 1,5 m. Als hitzeadaptierte Tiere zeigen sie besonders bei hohem Temperaturen ihre h\u00f6chste Aktivit\u00e4t. Kleinere Kolonien sind meistens Nachtaktiv.<\/td>\n<\/tr>\n<tr>\n<td><strong>Entwicklung:<\/strong><\/td>\n<td><strong><img loading=\"lazy\" decoding=\"async\" alt=\"\" height=\"30\" src=\"images\/icons\/ants\/entwicklung.jpg\" width=\"30\" \/><\/strong><\/td>\n<td><strong>Schwarmflug:<\/strong> &#8211;<br \/><strong>Gr\u00fcndung:<\/strong> erfolgt claustral (ohne F\u00fctterung)<br \/><strong>Koloniegr\u00f6\u00dfe:<\/strong> ca. 1000 Individuen<\/td>\n<\/tr>\n<tr>\n<td><strong>Angebote Menge:<\/strong><\/td>\n<td><img loading=\"lazy\" decoding=\"async\" alt=\"\" height=\"30\" src=\"images\/icons\/ants\/menge.jpg\" width=\"30\" \/><\/td>\n<td>eine\u00a0begattete K\u00f6nigin und Arbeiterinnen (siehe Auswahl); Brut (je nach Jahreszeit und Entwicklung unterschiedlich)<\/td>\n<\/tr>\n<tr>\n<td><strong>Weblinks:<\/strong><\/td>\n<td><a href=\"http:\/\/www.antstore.net\/viewforum.php?f=9\"><font color=\"#0000ff\"><img loading=\"lazy\" decoding=\"async\" alt=\"\" height=\"30\" src=\"images\/icons\/ants\/weblinks.jpg\" width=\"30\" \/><\/font><\/a><\/td>\n<td><a href=\"http:\/\/www.antstore.net\/viewforum.php?f=124\"><font color=\"#0000ff\">&#8211; Forum<\/font><\/a><\/p>\n<p><font color=\"#0000ff\"><a href=\"http:\/\/www.antweb.org\/description.do?name=mimicus&amp;genus=myrmecocystus&amp;rank=species&amp;project=bajaants\"><font color=\"#0000ff\">&#8211; Quellenverweis <\/font><\/a><\/font><\/td>\n<\/tr>\n<\/tbody>\n<\/table>","protected":false},"excerpt":{"rendered":"<p>HK 2 &#8211; RK 2<br \/>\n<span style=\"font-family: Arial\">Koko: <\/span><strong><font color=\"#000000\"><font color=\"#339966\">M<\/font><\/font> &#8211; <span>L<\/span><\/strong><\/p>","protected":false},"featured_media":0,"comment_status":"open","ping_status":"closed","template":"","meta":{"_acf_changed":false,"_monsterinsights_skip_tracking":false,"_monsterinsights_sitenote_active":false,"_monsterinsights_sitenote_note":"","_monsterinsights_sitenote_category":0},"product_brand":[],"product_cat":[602,610],"product_tag":[],"class_list":{"0":"post-12620","1":"product","2":"type-product","3":"status-publish","5":"product_cat-ameisen","6":"product_cat-ameisen-aus-amerika","8":"first","9":"outofstock","10":"taxable","11":"shipping-taxable","12":"purchasable","13":"product-type-variable"},"acf":[],"jetpack_sharing_enabled":true,"_links":{"self":[{"href":"https:\/\/test.antcube.shop\/fi\/wp-json\/wp\/v2\/product\/12620","targetHints":{"allow":["GET"]}}],"collection":[{"href":"https:\/\/test.antcube.shop\/fi\/wp-json\/wp\/v2\/product"}],"about":[{"href":"https:\/\/test.antcube.shop\/fi\/wp-json\/wp\/v2\/types\/product"}],"replies":[{"embeddable":true,"href":"https:\/\/test.antcube.shop\/fi\/wp-json\/wp\/v2\/comments?post=12620"}],"wp:attachment":[{"href":"https:\/\/test.antcube.shop\/fi\/wp-json\/wp\/v2\/media?parent=12620"}],"wp:term":[{"taxonomy":"product_brand","embeddable":true,"href":"https:\/\/test.antcube.shop\/fi\/wp-json\/wp\/v2\/product_brand?post=12620"},{"taxonomy":"product_cat","embeddable":true,"href":"https:\/\/test.antcube.shop\/fi\/wp-json\/wp\/v2\/product_cat?post=12620"},{"taxonomy":"product_tag","embeddable":true,"href":"https:\/\/test.antcube.shop\/fi\/wp-json\/wp\/v2\/product_tag?post=12620"}],"curies":[{"name":"wp","href":"https:\/\/api.w.org\/{rel}","templated":true}]}}