{"id":2697,"date":"2021-10-08T11:57:49","date_gmt":"2021-10-08T09:57:49","guid":{"rendered":"https:\/\/antcube.shop\/produkt\/polyrhachis-dives-weberameisen\/"},"modified":"2026-02-06T15:36:06","modified_gmt":"2026-02-06T14:36:06","slug":"polyrhachis-dives-weaver-ant","status":"publish","type":"product","link":"https:\/\/test.antcube.shop\/lv\/product\/polyrhachis-dives-weberameisen\/","title":{"rendered":"Polyrhachis dives (Weberameisen)"},"content":{"rendered":"<p>\u00a0<\/p>\n<table border=\"1\" cellpadding=\"1\" cellspacing=\"1\">\n<tbody>\n<tr>\n<td><strong>Lat. Name:<\/strong><\/td>\n<td><strong><img loading=\"lazy\" decoding=\"async\" alt=\"\" height=\"30\" src=\"images\/icons\/ants\/lateinname.jpg\" width=\"30\" \/><\/strong><\/td>\n<td>Polyrhachis dives<\/td>\n<\/tr>\n<tr>\n<td><strong>Trivialname:<\/strong><\/td>\n<td><strong><img loading=\"lazy\" decoding=\"async\" alt=\"\" height=\"30\" src=\"images\/icons\/ants\/trivialname.jpg\" width=\"30\" \/><\/strong><\/td>\n<td>&#8211;<\/td>\n<\/tr>\n<tr>\n<td><strong>Taxonomie:<\/strong><\/td>\n<td><strong><img loading=\"lazy\" decoding=\"async\" alt=\"\" height=\"30\" src=\"images\/icons\/ants\/taxonomie.jpg\" width=\"30\" \/><\/strong><\/td>\n<td><strong>Unterfamilie:<\/strong>\u00a0Formicinae <strong>Tribus:<\/strong>\u00a0Camponotini<\/td>\n<\/tr>\n<tr>\n<td><strong>Haltungsklasse:<\/strong><\/td>\n<td><strong><img loading=\"lazy\" decoding=\"async\" alt=\"\" height=\"30\" src=\"images\/icons\/ants\/haltungsklasse.jpg\" width=\"30\" \/><\/strong><\/td>\n<td><strong>(1)<\/strong> aufgrund ihrer Herkunft und Lebensweise stellen sie h\u00f6here Ansp\u00fcche an eine gute Ausbruchssicherung\u00a0<\/td>\n<\/tr>\n<tr>\n<td><strong>Verbreitung:<\/strong><\/td>\n<td><strong><img loading=\"lazy\" decoding=\"async\" alt=\"\" height=\"30\" src=\"images\/icons\/ants\/verbreitung.jpg\" width=\"30\" \/><\/strong><\/td>\n<td>S\u00fcdostasien von Indonesien bis Nordaustralien<\/td>\n<\/tr>\n<tr>\n<td><strong>Habitat:<\/strong><\/td>\n<td><strong><img loading=\"lazy\" decoding=\"async\" alt=\"\" height=\"30\" src=\"images\/icons\/ants\/habitat.jpg\" width=\"30\" \/><\/strong><\/td>\n<td>Sonnenexponierte Freifl\u00e4chen<\/td>\n<\/tr>\n<tr>\n<td><strong>Kolonieform:<\/strong><\/td>\n<td><strong><img loading=\"lazy\" decoding=\"async\" alt=\"\" height=\"30\" src=\"images\/icons\/ants\/Kolonieform.jpg\" width=\"30\" \/><\/strong><\/td>\n<td>polygyn<\/td>\n<\/tr>\n<tr>\n<td><strong>K\u00f6nigin:<\/strong><\/td>\n<td><strong><img loading=\"lazy\" decoding=\"async\" alt=\"\" height=\"30\" src=\"images\/icons\/ants\/koenigin.jpg\" width=\"30\" \/><\/strong><\/td>\n<td><strong>Izm\u0113rs:<\/strong>\u00a010 &#8211; 12mm<strong> Farbe: <\/strong>silber\/ schwarz<\/td>\n<\/tr>\n<tr>\n<td><strong>Arbeiterin:<\/strong><\/td>\n<td><img loading=\"lazy\" decoding=\"async\" alt=\"\" height=\"30\" src=\"images\/icons\/ants\/arbeiterin.jpg\" width=\"30\" \/><\/td>\n<td><strong>Izm\u0113rs:<\/strong> 6 &#8211; 8mm <strong>Farbe:<\/strong>\u00a0silber\/ schwarz<\/td>\n<\/tr>\n<tr>\n<td><strong>Soldaten:<\/strong><\/td>\n<td><img loading=\"lazy\" decoding=\"async\" alt=\"\" height=\"30\" src=\"images\/icons\/ants\/soldaten.jpg\" width=\"30\" \/><\/td>\n<td><strong>\u00a0<\/strong>Nein<\/td>\n<\/tr>\n<tr>\n<td><strong>M\u00e4nnchen:<\/strong><\/td>\n<td><img loading=\"lazy\" decoding=\"async\" alt=\"\" height=\"30\" src=\"images\/icons\/ants\/maennchen.jpg\" width=\"30\" \/><\/td>\n<td><strong>Izm\u0113rs:<\/strong>\u00a07 &#8211; 8mm\u00a0<strong>Farbe:<\/strong> silber\/schwarz, schlank<\/td>\n<\/tr>\n<tr>\n<td><strong>Nahrung:<\/strong><\/td>\n<td><img loading=\"lazy\" decoding=\"async\" alt=\"\" height=\"30\" src=\"images\/icons\/ants\/nahrung.jpg\" width=\"30\" \/><\/td>\n<td>Honigwasser, Insekten(bsp. Fliegen, M\u00fccken, Grillen in allen Gr\u00f6\u00dfen, Heuschrecken)<\/td>\n<\/tr>\n<tr>\n<td><strong>Luftfeuchtigkeit:<\/strong><\/td>\n<td><strong><img loading=\"lazy\" decoding=\"async\" alt=\"\" height=\"30\" src=\"images\/icons\/ants\/feuchtigkeit.jpg\" width=\"30\" \/><\/strong><\/td>\n<td><strong>Arena:<\/strong> 50\u00a0 &#8211; 70% <strong>Nestbereich:<\/strong> 60 &#8211; 80%\u00a0<\/td>\n<\/tr>\n<tr>\n<td><strong>Temperatur:<\/strong><\/td>\n<td><strong><img loading=\"lazy\" decoding=\"async\" alt=\"\" height=\"30\" src=\"images\/icons\/ants\/temperatur.jpg\" width=\"30\" \/><\/strong><\/td>\n<td><strong>Arena:<\/strong> Tags\u00fcber: 28 &#8211; 30\u00b0C Nachts\u00fcber: 24 &#8211; 28\u00b0C\u00a0 <strong>Nestbereich:<\/strong> 28- 30\u00b0C \u00a0<\/td>\n<\/tr>\n<tr>\n<td><strong>Winterruhe:<\/strong><\/td>\n<td><img loading=\"lazy\" decoding=\"async\" alt=\"\" height=\"30\" src=\"images\/icons\/ants\/winterruhe.jpg\" width=\"30\" \/><\/td>\n<td>nein<\/td>\n<\/tr>\n<tr>\n<td><strong>Nestform:<\/strong><\/td>\n<td><img loading=\"lazy\" decoding=\"async\" alt=\"\" height=\"30\" src=\"images\/icons\/ants\/nestform.jpg\" width=\"30\" \/><\/td>\n<td>Gro\u00dfe Gespinstnester\u00a0an Felsw\u00e4nden, Baumst\u00e4mmen oder in Geb\u00fcschen,\u00a0in denen sie Gras und Moos mit\u00a0einweben<\/td>\n<\/tr>\n<tr>\n<td><strong>Formicarienart:<\/strong><\/td>\n<td><img loading=\"lazy\" decoding=\"async\" alt=\"\" height=\"30\" src=\"images\/icons\/ants\/formicarienart.jpg\" width=\"30\" \/><\/td>\n<td>Farm, Farmbecken, Becken, Rahmenbecken,Acrylzylinder,Ytong\/Gips<\/td>\n<\/tr>\n<tr>\n<td><strong>Formicariengr\u00f6\u00dfe:<\/strong><\/td>\n<td><strong><img loading=\"lazy\" decoding=\"async\" alt=\"\" height=\"30\" src=\"images\/icons\/ants\/formicariengroesse.jpg\" width=\"30\" \/><\/strong><\/td>\n<td><strong>Izm\u0113rs:<\/strong><font color=\"#000000\">\u00a0 <\/font><span><strong>M<span> &#8211;<\/span> <span>XL<\/span><\/strong><\/span><\/td>\n<\/tr>\n<tr>\n<td><strong>Substrat:<\/strong><\/td>\n<td><strong><img loading=\"lazy\" decoding=\"async\" alt=\"\" height=\"30\" src=\"images\/icons\/ants\/substrat.jpg\" width=\"30\" \/><\/strong><\/td>\n<td><strong>Farm:<\/strong> Sand-Lehm, Humus\u00a0 <strong>Arena:<\/strong> Sand-Lehm, Humus<\/td>\n<\/tr>\n<tr>\n<td><strong>Bepflanzung:<\/strong><\/td>\n<td><img loading=\"lazy\" decoding=\"async\" alt=\"\" height=\"30\" src=\"images\/icons\/ants\/bepflanzung.jpg\" width=\"30\" \/><\/td>\n<td>tropischer Regenwald<\/td>\n<\/tr>\n<tr>\n<td><strong>Dekoration:<\/strong><\/td>\n<td><img loading=\"lazy\" decoding=\"async\" alt=\"\" height=\"30\" src=\"images\/icons\/ants\/dekoration.jpg\" width=\"30\" \/><\/td>\n<td>\u00c4ste, Laubstreu, Steine, Kork<\/td>\n<\/tr>\n<tr>\n<td><strong>Beschreibung:<\/strong><\/td>\n<td><img loading=\"lazy\" decoding=\"async\" alt=\"\" height=\"30\" src=\"images\/icons\/ants\/beschreibung.jpg\" width=\"30\" \/><\/td>\n<td>Sie leben oft in Bodenn\u00e4he, bauen ihre Nester gerne an Steinen oder an Baumrinden. Sie benutzen ihre Larven zum Verspinnen des Nestes,\u00a0geh\u00f6ren aber\u00a0wissenschaftlich gesehen nicht zu den \u00a0&#8222;eigentlichen Weberameisen&#8220; wie die Oecophylla, obwohl diese\u00a0fast die gleiche Webtechnik besitzen.\u00a0<br \/>Die Koloniegr\u00f6\u00dfe kann sehr schnell wachsen und sie haben einen\u00a0sehr gro\u00dfen\u00a0Nahrungs- und Auslaufbedarf. Die Formicarienanlagen sollten daher auch erweiterbar sein.\u00a0 Sie sind auf Grund ihrer Koloniegr\u00f6sse recht agil und Ausbruchsspezialisten. Daher auf eine gute Ausbruchsicherung achten!\u00a0<\/td>\n<\/tr>\n<tr>\n<td><strong>Entwicklung:<\/strong><\/td>\n<td><strong><img loading=\"lazy\" decoding=\"async\" alt=\"\" height=\"30\" src=\"images\/icons\/ants\/entwicklung.jpg\" width=\"30\" \/><\/strong><\/td>\n<td><strong>Schwarmflug: &#8211;<\/strong><br \/><strong>Gr\u00fcndung: <\/strong>claustral( ohne Zuf\u00fctterung),<br \/><strong>Koloniegr\u00f6\u00dfe:<\/strong> &#8211;<\/td>\n<\/tr>\n<tr>\n<td><strong>Angebote Menge:<\/strong><\/td>\n<td><img loading=\"lazy\" decoding=\"async\" alt=\"\" height=\"30\" src=\"images\/icons\/ants\/menge.jpg\" width=\"30\" \/><\/td>\n<td>eine\u00a0begattete K\u00f6nigin und Arbeiterinnen (siehe Auswahl); Brut (je nach Jahreszeit und Entwicklung unterschiedlich)<\/td>\n<\/tr>\n<tr>\n<td><strong>Weblinks:<\/strong><\/td>\n<td><a href=\"http:\/\/www.antstore.net\/viewforum.php?f=9\"><font color=\"#0000ff\"><img loading=\"lazy\" decoding=\"async\" alt=\"\" height=\"30\" src=\"images\/icons\/ants\/weblinks.jpg\" width=\"30\" \/><\/font><\/a><\/td>\n<td><a href=\"http:\/\/www.antstore.net\/viewforum.php?f=124\"><font color=\"#0000ff\">&#8211; Forum<\/font><\/a><\/p>\n<p><font color=\"#0000ff\"><a href=\"http:\/\/www.antweb.org\/description.do?rank=species&amp;name=dives&amp;genus=polyrhachis&amp;project=philippinesants\"><font color=\"#0000ff\">&#8211; Quellenverweis <\/font><\/a><\/font><\/td>\n<\/tr>\n<\/tbody>\n<\/table>\n<p>\u00a0<\/p>","protected":false},"excerpt":{"rendered":"<p>HK 1 &#8211; RK 2<br \/>\nIzm\u0113rs:<font color=\"#000000\">\u00a0 <\/font><span><strong>M<span> &#8211;<\/span> <span>XL<\/span><\/strong><\/span><\/p>","protected":false},"featured_media":3386,"comment_status":"open","ping_status":"closed","template":"","meta":{"_acf_changed":false,"_monsterinsights_skip_tracking":false,"_monsterinsights_sitenote_active":false,"_monsterinsights_sitenote_note":"","_monsterinsights_sitenote_category":0},"product_brand":[],"product_cat":[602,613,621],"product_tag":[],"class_list":{"0":"post-2697","1":"product","2":"type-product","3":"status-publish","4":"has-post-thumbnail","6":"product_cat-ameisen","7":"product_cat-ameisen-aus-asien","8":"product_cat-ameisen-aus-australien","10":"first","11":"instock","12":"purchasable","13":"product-type-variable"},"acf":[],"jetpack_sharing_enabled":true,"_links":{"self":[{"href":"https:\/\/test.antcube.shop\/lv\/wp-json\/wp\/v2\/product\/2697","targetHints":{"allow":["GET"]}}],"collection":[{"href":"https:\/\/test.antcube.shop\/lv\/wp-json\/wp\/v2\/product"}],"about":[{"href":"https:\/\/test.antcube.shop\/lv\/wp-json\/wp\/v2\/types\/product"}],"replies":[{"embeddable":true,"href":"https:\/\/test.antcube.shop\/lv\/wp-json\/wp\/v2\/comments?post=2697"}],"wp:featuredmedia":[{"embeddable":true,"href":"https:\/\/test.antcube.shop\/lv\/wp-json\/wp\/v2\/media\/3386"}],"wp:attachment":[{"href":"https:\/\/test.antcube.shop\/lv\/wp-json\/wp\/v2\/media?parent=2697"}],"wp:term":[{"taxonomy":"product_brand","embeddable":true,"href":"https:\/\/test.antcube.shop\/lv\/wp-json\/wp\/v2\/product_brand?post=2697"},{"taxonomy":"product_cat","embeddable":true,"href":"https:\/\/test.antcube.shop\/lv\/wp-json\/wp\/v2\/product_cat?post=2697"},{"taxonomy":"product_tag","embeddable":true,"href":"https:\/\/test.antcube.shop\/lv\/wp-json\/wp\/v2\/product_tag?post=2697"}],"curies":[{"name":"wp","href":"https:\/\/api.w.org\/{rel}","templated":true}]}}