{"id":727,"date":"2021-08-17T11:06:10","date_gmt":"2021-08-17T09:06:10","guid":{"rendered":"https:\/\/antcube.shop\/?page_id=727"},"modified":"2025-12-24T11:05:45","modified_gmt":"2025-12-24T10:05:45","slug":"formicarium-finder","status":"publish","type":"page","link":"https:\/\/test.antcube.shop\/nl\/formicarium-zoeker\/","title":{"rendered":"Vind uw formicarium"},"content":{"rendered":"<div id=\"gap-1315194886\" class=\"gap-element clearfix\" style=\"display:block; height:auto;\">\n\t\t\n<style>\n#gap-1315194886 {\n  padding-top: 201px;\n}\n@media (min-width:550px) {\n  #gap-1315194886 {\n    padding-top: 201px;\n  }\n}\n@media (min-width:850px) {\n  #gap-1315194886 {\n    padding-top: 165px;\n  }\n}\n<\/style>\n\t<\/div>\n\t\n\n<div class=\"row\"  id=\"row-880980108\">\n\n\n\t<div id=\"col-1565293859\" class=\"col small-12 large-12\"  >\n\t\t\t\t<div class=\"col-inner\"  >\n\t\t\t\n\t\t\t\n\n\t<div id=\"text-167258699\" class=\"text\">\n\t\t\n\n<h3>ANTCUBE Formicarium Finder\/Konfigurator<\/h3>\n<h1>Finden Sie das perfekte Formicarium f\u00fcr Ihre Ameisenkolonie<\/h1>\n<p>Um Ihnen die Entscheidung zu erleichtern, welche Art von Ameisenfarm Sie f\u00fcr die von Ihnen gew\u00fcnschte Ameisenart verwenden sollten, k\u00f6nnen Sie hier unseren \u201eAmeisenfarm-Finder\u201c nutzen. Dieser f\u00fchrt Sie durch verschiedene Schritte und hilft Ihnen, das am besten geeignete Starter-Set zu finden.<\/p>\n<p>\u00a0<\/p>\n\t\t\n<style>\n#text-167258699 {\n  text-align: center;\n}\n<\/style>\n\t<\/div>\n\t\n\t<div id=\"text-4026513593\" class=\"text\">\n\t\t\n\n<p><strong>Frage: Geh\u00f6rt Ihre gew\u00fcnschte Ameisenart zu einer der folgenden Gattungen?<\/strong><\/p>\n\t\t\n<style>\n#text-4026513593 {\n  font-size: 1.45rem;\n  text-align: center;\n}\n@media (min-width:550px) {\n  #text-4026513593 {\n    font-size: 1.95rem;\n  }\n}\n<\/style>\n\t<\/div>\n\t\n\n\t\t<\/div>\n\t\t\t\t\t<\/div>\n\n\t\n\n<\/div>\n<div class=\"row row-box-shadow-3\"  id=\"row-1955747252\">\n\n\n\t<div id=\"col-1557252982\" class=\"col medium-3 small-6 large-3\"  >\n\t\t\t\t<div class=\"col-inner\"  >\n\t\t\t\n\t\t\t\n\n\n  <div class=\"banner has-hover\" id=\"banner-334040042\">\n          <div class=\"banner-inner fill\">\n        <div class=\"banner-bg fill\" >\n            <img data-recalc-dims=\"1\" loading=\"lazy\" decoding=\"async\" width=\"1020\" height=\"765\" src=\"https:\/\/i0.wp.com\/test.antcube.shop\/wp-content\/uploads\/2021\/07\/Messor-minor-hesperius-Startbild.jpg?resize=1020%2C765&#038;ssl=1\" class=\"bg attachment-original size-original\" alt=\"Messor minor hesperius queen ant with worker macro ANTSTORE ANTCUBE\" \/>                        <div class=\"overlay\"><\/div>            \n                    <\/div>\n\t\t\n        <div class=\"banner-layers container\">\n            <a class=\"fill\" href=\"https:\/\/antcube.shop\/formicarium-finder\/harvester-ant-formicarium\/\" ><div class=\"fill banner-link\"><\/div><\/a>            \n\n   <div id=\"text-box-180243043\" class=\"text-box banner-layer x50 md-x50 lg-x50 y0 md-y0 lg-y0 res-text\">\n                                <div class=\"text-box-content text dark text-shadow-5\">\n              \n              <div class=\"text-inner text-center\">\n                  \n\n\t<div id=\"text-2310321084\" class=\"text\">\n\t\t\n\n<h5 class=\"uppercase\" data-line-height=\"xs\">K\u00f6rnersammelnde-Ameise<\/h5>\n<h5 class=\"uppercase\" data-padding=\"10px\" data-line-height=\"xs\"><strong>Messor<\/strong><\/h5>\n\t\t\n<style>\n#text-2310321084 {\n  font-size: 0.75rem;\n  color: rgb(0,0,0);\n}\n#text-2310321084 > * {\n  color: rgb(0,0,0);\n}\n@media (min-width:550px) {\n  #text-2310321084 {\n    font-size: 0.75rem;\n  }\n}\n@media (min-width:850px) {\n  #text-2310321084 {\n    font-size: 1.15rem;\n  }\n}\n<\/style>\n\t<\/div>\n\t\n\n              <\/div>\n           <\/div>\n                            \n<style>\n#text-box-180243043 {\n  width: 100%;\n}\n#text-box-180243043 .text-box-content {\n  font-size: 100%;\n}\n<\/style>\n    <\/div>\n \n\n        <\/div>\n      <\/div>\n\n            \n<style>\n#banner-334040042 {\n  padding-top: 99.99%;\n}\n#banner-334040042 .overlay {\n  background-color: rgba(0, 0, 0, 0);\n}\n#banner-334040042 .banner-bg img {\n  object-position: 40% 35%;\n}\n<\/style>\n  <\/div>\n\n\n\n\t\t<\/div>\n\t\t\t\t\t<\/div>\n\n\t\n\n\t<div id=\"col-1931637114\" class=\"col medium-3 small-6 large-3\"  >\n\t\t\t\t<div class=\"col-inner\"  >\n\t\t\t\n\t\t\t\n\n\n  <div class=\"banner has-hover\" id=\"banner-2097589096\">\n          <div class=\"banner-inner fill\">\n        <div class=\"banner-bg fill\" >\n            <img data-recalc-dims=\"1\" loading=\"lazy\" decoding=\"async\" width=\"1000\" height=\"1000\" src=\"https:\/\/i0.wp.com\/test.antcube.shop\/wp-content\/uploads\/2021\/07\/Atta-mexicana.jpg?resize=1000%2C1000&#038;ssl=1\" class=\"bg attachment-original size-original\" alt=\"Atta mexicana fungus with workers and queen ant leafcutter ant ANTCUBE ANTSTORE\" \/>                        <div class=\"overlay\"><\/div>            \n                    <\/div>\n\t\t\n        <div class=\"banner-layers container\">\n            <a class=\"fill\" href=\"https:\/\/antcube.shop\/formicarium-finder\/leafcutter-formicarium\/\" ><div class=\"fill banner-link\"><\/div><\/a>            \n\n   <div id=\"text-box-1411176520\" class=\"text-box banner-layer x50 md-x50 lg-x50 y0 md-y0 lg-y0 res-text\">\n                                <div class=\"text-box-content text dark text-shadow-5\">\n              \n              <div class=\"text-inner text-center\">\n                  \n\n\t<div id=\"text-81798175\" class=\"text\">\n\t\t\n\n<h5 class=\"uppercase\" data-line-height=\"xs\"><strong>Blattschneiderameise<\/strong><\/h5>\n<h5 data-line-height=\"xs\"><strong>Atta oder Acromyrmex<\/strong><\/h5>\n\t\t\n<style>\n#text-81798175 {\n  font-size: 0.75rem;\n  line-height: 0.75;\n  text-align: center;\n  color: rgb(0,0,0);\n}\n#text-81798175 > * {\n  color: rgb(0,0,0);\n}\n@media (min-width:550px) {\n  #text-81798175 {\n    font-size: 0.75rem;\n  }\n}\n@media (min-width:850px) {\n  #text-81798175 {\n    font-size: 1.15rem;\n  }\n}\n<\/style>\n\t<\/div>\n\t\n\n              <\/div>\n           <\/div>\n                            \n<style>\n#text-box-1411176520 {\n  width: 100%;\n}\n#text-box-1411176520 .text-box-content {\n  font-size: 100%;\n}\n<\/style>\n    <\/div>\n \n\n        <\/div>\n      <\/div>\n\n              <div class=\"height-fix is-invisible\"><img data-recalc-dims=\"1\" loading=\"lazy\" decoding=\"async\" width=\"1000\" height=\"1000\" src=\"https:\/\/i0.wp.com\/test.antcube.shop\/wp-content\/uploads\/2021\/07\/Atta-mexicana.jpg?resize=1000%2C1000&#038;ssl=1\" class=\"attachment-original size-original\" alt=\"Atta mexicana fungus with workers and queen ant leafcutter ant ANTCUBE ANTSTORE\" srcset=\"https:\/\/i0.wp.com\/test.antcube.shop\/wp-content\/uploads\/2021\/07\/Atta-mexicana.jpg?w=1000&amp;ssl=1 1000w, https:\/\/i0.wp.com\/test.antcube.shop\/wp-content\/uploads\/2021\/07\/Atta-mexicana.jpg?resize=247%2C247&amp;ssl=1 247w, https:\/\/i0.wp.com\/test.antcube.shop\/wp-content\/uploads\/2021\/07\/Atta-mexicana.jpg?resize=100%2C100&amp;ssl=1 100w, https:\/\/i0.wp.com\/test.antcube.shop\/wp-content\/uploads\/2021\/07\/Atta-mexicana.jpg?resize=510%2C510&amp;ssl=1 510w, https:\/\/i0.wp.com\/test.antcube.shop\/wp-content\/uploads\/2021\/07\/Atta-mexicana.jpg?resize=400%2C400&amp;ssl=1 400w, https:\/\/i0.wp.com\/test.antcube.shop\/wp-content\/uploads\/2021\/07\/Atta-mexicana.jpg?resize=800%2C800&amp;ssl=1 800w, https:\/\/i0.wp.com\/test.antcube.shop\/wp-content\/uploads\/2021\/07\/Atta-mexicana.jpg?resize=280%2C280&amp;ssl=1 280w, https:\/\/i0.wp.com\/test.antcube.shop\/wp-content\/uploads\/2021\/07\/Atta-mexicana.jpg?resize=768%2C768&amp;ssl=1 768w\" sizes=\"auto, (max-width: 1000px) 100vw, 1000px\" \/><\/div>\n            \n<style>\n#banner-2097589096 .overlay {\n  background-color: rgba(0, 0, 0, 0);\n}\n#banner-2097589096 .banner-bg img {\n  object-position: 48% 30%;\n}\n<\/style>\n  <\/div>\n\n\n\n\t\t<\/div>\n\t\t\t\t\t<\/div>\n\n\t\n\n\t<div id=\"col-1229949068\" class=\"col medium-3 small-6 large-3\"  >\n\t\t\t\t<div class=\"col-inner\"  >\n\t\t\t\n\t\t\t\n\n\n  <div class=\"banner has-hover\" id=\"banner-1398176562\">\n          <div class=\"banner-inner fill\">\n        <div class=\"banner-bg fill\" >\n            <img data-recalc-dims=\"1\" loading=\"lazy\" decoding=\"async\" width=\"1000\" height=\"1000\" src=\"https:\/\/i0.wp.com\/test.antcube.shop\/wp-content\/uploads\/2021\/07\/Oecophylla-smaragdina-1.jpg?resize=1000%2C1000&#038;ssl=1\" class=\"bg attachment-original size-original\" alt=\"Oecophylla smaragdina queen ant with worker and pupae macro on white background ANTSTORE ANTCUBE\" \/>                        <div class=\"overlay\"><\/div>            \n                    <\/div>\n\t\t\n        <div class=\"banner-layers container\">\n            <a class=\"fill\" href=\"https:\/\/antcube.shop\/formicarium-finder\/weaver-ant-formicarium\/\" ><div class=\"fill banner-link\"><\/div><\/a>            \n\n   <div id=\"text-box-1079331419\" class=\"text-box banner-layer x0 md-x0 lg-x0 y0 md-y0 lg-y0 res-text\">\n                                <div class=\"text-box-content text dark text-shadow-5\">\n              \n              <div class=\"text-inner text-center\">\n                  \n\n\t<div id=\"text-2447283848\" class=\"text\">\n\t\t\n\n<h5 class=\"uppercase\" data-line-height=\"xs\"><strong>Weberameise<\/strong><\/h5>\n<p data-line-height=\"xs\"><strong>Oecophylla or Polyrhachis<\/strong><\/p>\n\t\t\n<style>\n#text-2447283848 {\n  font-size: 0.75rem;\n  color: rgb(0,0,0);\n}\n#text-2447283848 > * {\n  color: rgb(0,0,0);\n}\n@media (min-width:550px) {\n  #text-2447283848 {\n    font-size: 0.75rem;\n  }\n}\n@media (min-width:850px) {\n  #text-2447283848 {\n    font-size: 1.15rem;\n  }\n}\n<\/style>\n\t<\/div>\n\t\n\n              <\/div>\n           <\/div>\n                            \n<style>\n#text-box-1079331419 {\n  width: 96%;\n}\n#text-box-1079331419 .text-box-content {\n  font-size: 100%;\n}\n<\/style>\n    <\/div>\n \n\n        <\/div>\n      <\/div>\n\n              <div class=\"height-fix is-invisible\"><img data-recalc-dims=\"1\" loading=\"lazy\" decoding=\"async\" width=\"1000\" height=\"1000\" src=\"https:\/\/i0.wp.com\/test.antcube.shop\/wp-content\/uploads\/2021\/07\/Oecophylla-smaragdina-1.jpg?resize=1000%2C1000&#038;ssl=1\" class=\"attachment-original size-original\" alt=\"Oecophylla smaragdina queen ant with worker and pupae macro on white background ANTSTORE ANTCUBE\" srcset=\"https:\/\/i0.wp.com\/test.antcube.shop\/wp-content\/uploads\/2021\/07\/Oecophylla-smaragdina-1.jpg?w=1000&amp;ssl=1 1000w, https:\/\/i0.wp.com\/test.antcube.shop\/wp-content\/uploads\/2021\/07\/Oecophylla-smaragdina-1.jpg?resize=247%2C247&amp;ssl=1 247w, https:\/\/i0.wp.com\/test.antcube.shop\/wp-content\/uploads\/2021\/07\/Oecophylla-smaragdina-1.jpg?resize=100%2C100&amp;ssl=1 100w, https:\/\/i0.wp.com\/test.antcube.shop\/wp-content\/uploads\/2021\/07\/Oecophylla-smaragdina-1.jpg?resize=510%2C510&amp;ssl=1 510w, https:\/\/i0.wp.com\/test.antcube.shop\/wp-content\/uploads\/2021\/07\/Oecophylla-smaragdina-1.jpg?resize=400%2C400&amp;ssl=1 400w, https:\/\/i0.wp.com\/test.antcube.shop\/wp-content\/uploads\/2021\/07\/Oecophylla-smaragdina-1.jpg?resize=800%2C800&amp;ssl=1 800w, https:\/\/i0.wp.com\/test.antcube.shop\/wp-content\/uploads\/2021\/07\/Oecophylla-smaragdina-1.jpg?resize=280%2C280&amp;ssl=1 280w, https:\/\/i0.wp.com\/test.antcube.shop\/wp-content\/uploads\/2021\/07\/Oecophylla-smaragdina-1.jpg?resize=768%2C768&amp;ssl=1 768w\" sizes=\"auto, (max-width: 1000px) 100vw, 1000px\" \/><\/div>\n            \n<style>\n#banner-1398176562 .overlay {\n  background-color: rgba(0, 0, 0, 0);\n}\n#banner-1398176562 .banner-bg img {\n  object-position: 48% 53%;\n}\n<\/style>\n  <\/div>\n\n\n\n\t\t<\/div>\n\t\t\t\t\t<\/div>\n\n\t\n\n\t<div id=\"col-1036456143\" class=\"col medium-3 small-6 large-3\"  >\n\t\t\t\t<div class=\"col-inner\"  >\n\t\t\t\n\t\t\t\n\n\n  <div class=\"banner has-hover\" id=\"banner-912023787\">\n          <div class=\"banner-inner fill\">\n        <div class=\"banner-bg fill\" >\n            <img data-recalc-dims=\"1\" loading=\"lazy\" decoding=\"async\" width=\"1020\" height=\"765\" src=\"https:\/\/i0.wp.com\/test.antcube.shop\/wp-content\/uploads\/2021\/07\/Lasius-brunneus-Startbild.jpg?resize=1020%2C765&#038;ssl=1\" class=\"bg attachment-original size-original\" alt=\"Lasius brunneus queen ant with workers macro on white background ANTSTORE ANTCUBE\" \/>                        <div class=\"overlay\"><\/div>            \n                    <\/div>\n\t\t\n        <div class=\"banner-layers container\">\n            <a class=\"fill\" href=\"https:\/\/antcube.shop\/formicarium-finder\/nest-type\/\" ><div class=\"fill banner-link\"><\/div><\/a>            \n\n   <div id=\"text-box-1054453469\" class=\"text-box banner-layer x0 md-x0 lg-x0 y0 md-y0 lg-y0 res-text\">\n                                <div class=\"text-box-content text dark text-shadow-5\">\n              \n              <div class=\"text-inner text-center\">\n                  \n\n\t<div id=\"text-3278875118\" class=\"text\">\n\t\t\n\n<h5 class=\"uppercase\" data-line-height=\"xs\"><strong>Keine dieser Gattungen<\/strong><\/h5>\n\t\t\n<style>\n#text-3278875118 {\n  font-size: 0.75rem;\n  color: rgb(0,0,0);\n}\n#text-3278875118 > * {\n  color: rgb(0,0,0);\n}\n@media (min-width:550px) {\n  #text-3278875118 {\n    font-size: 0.9rem;\n  }\n}\n@media (min-width:850px) {\n  #text-3278875118 {\n    font-size: 1.15rem;\n  }\n}\n<\/style>\n\t<\/div>\n\t\n\n              <\/div>\n           <\/div>\n                            \n<style>\n#text-box-1054453469 {\n  width: 100%;\n}\n#text-box-1054453469 .text-box-content {\n  font-size: 100%;\n}\n<\/style>\n    <\/div>\n \n\n        <\/div>\n      <\/div>\n\n            \n<style>\n#banner-912023787 {\n  padding-top: 99.99%;\n}\n#banner-912023787 .overlay {\n  background-color: rgba(0, 0, 0, 0);\n}\n#banner-912023787 .banner-bg img {\n  object-position: 21% 59%;\n}\n<\/style>\n  <\/div>\n\n\n\n\t\t<\/div>\n\t\t\t\t\t<\/div>\n\n\t\n\n<\/div>","protected":false},"excerpt":{"rendered":"","protected":false},"author":1,"featured_media":0,"parent":0,"menu_order":0,"comment_status":"closed","ping_status":"closed","template":"","meta":{"_acf_changed":false,"_monsterinsights_skip_tracking":false,"_monsterinsights_sitenote_active":false,"_monsterinsights_sitenote_note":"","_monsterinsights_sitenote_category":0,"footnotes":""},"class_list":["post-727","page","type-page","status-publish","hentry"],"acf":[],"jetpack_sharing_enabled":true,"_links":{"self":[{"href":"https:\/\/test.antcube.shop\/nl\/wp-json\/wp\/v2\/pages\/727","targetHints":{"allow":["GET"]}}],"collection":[{"href":"https:\/\/test.antcube.shop\/nl\/wp-json\/wp\/v2\/pages"}],"about":[{"href":"https:\/\/test.antcube.shop\/nl\/wp-json\/wp\/v2\/types\/page"}],"author":[{"embeddable":true,"href":"https:\/\/test.antcube.shop\/nl\/wp-json\/wp\/v2\/users\/1"}],"replies":[{"embeddable":true,"href":"https:\/\/test.antcube.shop\/nl\/wp-json\/wp\/v2\/comments?post=727"}],"version-history":[{"count":10,"href":"https:\/\/test.antcube.shop\/nl\/wp-json\/wp\/v2\/pages\/727\/revisions"}],"predecessor-version":[{"id":17307,"href":"https:\/\/test.antcube.shop\/nl\/wp-json\/wp\/v2\/pages\/727\/revisions\/17307"}],"wp:attachment":[{"href":"https:\/\/test.antcube.shop\/nl\/wp-json\/wp\/v2\/media?parent=727"}],"curies":[{"name":"wp","href":"https:\/\/api.w.org\/{rel}","templated":true}]}}